{"id":1895,"date":"2019-11-06T15:58:50","date_gmt":"2019-11-06T15:58:50","guid":{"rendered":"http:\/\/www.magoria.ch\/dam\/?page_id=1895"},"modified":"2021-04-24T11:56:24","modified_gmt":"2021-04-24T11:56:24","slug":"aktuell","status":"publish","type":"page","link":"https:\/\/www.magoria.ch\/dam\/","title":{"rendered":"Aktuell"},"content":{"rendered":"<div class=\"pt-cv-wrapper\"><div class=\"pt-cv-view pt-cv-grid pt-cv-colsys\" id=\"pt-cv-view-f7a34b15i9\"><div data-id=\"pt-cv-page-1\" class=\"pt-cv-page\" data-cvc=\"3\"><div class=\"col-md-4 col-sm-6 col-xs-12 pt-cv-content-item pt-cv-1-col\" ><div class='pt-cv-ifield'><a href=\"https:\/\/www.magoria.ch\/dam\/schreiben-auf-kurs\/\" class=\"_self pt-cv-href-thumbnail pt-cv-thumb-default\" target=\"_self\" ><img loading=\"lazy\" decoding=\"async\" width=\"257\" height=\"300\" src=\"https:\/\/res.cloudinary.com\/hep-verlag\/image\/upload\/w_1024,q_auto,f_auto,c_lfill,g_auto\/production\/products\/12980\/Schreiben_auf_Kurs_1A_26_3D_2.png\" class=\"pt-cv-thumbnail\" alt=\"\" sizes=\"auto, 100vw\" \/><\/a>\n<h4 class=\"pt-cv-title\"><a href=\"https:\/\/www.magoria.ch\/dam\/schreiben-auf-kurs\/\" class=\"_self\" target=\"_self\" >Schreiben auf Kurs<\/a><\/h4><\/div><\/div>\n<div class=\"col-md-4 col-sm-6 col-xs-12 pt-cv-content-item pt-cv-1-col\" ><div class='pt-cv-ifield'><a href=\"https:\/\/www.magoria.ch\/dam\/tolstoi-und-nabokov-ueber-familien\/\" class=\"_self pt-cv-href-thumbnail pt-cv-thumb-default\" target=\"_self\" ><img loading=\"lazy\" decoding=\"async\" width=\"300\" height=\"225\" src=\"http:\/\/www.magoria.ch\/pictures\/Tolstoi_Nabokov_Familien_web.png\" class=\"pt-cv-thumbnail\" alt=\"\" sizes=\"auto, 100vw\" \/><\/a>\n<h4 class=\"pt-cv-title\"><a href=\"https:\/\/www.magoria.ch\/dam\/tolstoi-und-nabokov-ueber-familien\/\" class=\"_self\" target=\"_self\" >Tolstoi und Nabokov \u00fcber Gl\u00fcck und Ungl\u00fcck<\/a><\/h4><\/div><\/div>\n<div class=\"col-md-4 col-sm-6 col-xs-12 pt-cv-content-item pt-cv-1-col\" ><div class='pt-cv-ifield'><a href=\"https:\/\/www.magoria.ch\/dam\/kreativer-irrtum\/\" class=\"_self pt-cv-href-thumbnail pt-cv-thumb-default\" target=\"_self\" ><img loading=\"lazy\" decoding=\"async\" width=\"300\" height=\"225\" src=\"http:\/\/www.magoria.ch\/pictures\/Murakami_Telefon_web.png\" class=\"pt-cv-thumbnail\" alt=\"\" sizes=\"auto, 100vw\" \/><\/a>\n<h4 class=\"pt-cv-title\"><a href=\"https:\/\/www.magoria.ch\/dam\/kreativer-irrtum\/\" class=\"_self\" target=\"_self\" >Kreativer Irrtum<\/a><\/h4><\/div><\/div>\n<div class=\"col-md-4 col-sm-6 col-xs-12 pt-cv-content-item pt-cv-1-col\" ><div class='pt-cv-ifield'><a href=\"https:\/\/www.magoria.ch\/dam\/whats-the-question\/\" class=\"_self pt-cv-href-thumbnail pt-cv-thumb-default\" target=\"_self\" ><img loading=\"lazy\" decoding=\"async\" width=\"300\" height=\"168\" src=\"http:\/\/www.magoria.ch\/pictures\/Whatsthequestion.png\" class=\"pt-cv-thumbnail\" alt=\"\" sizes=\"auto, 100vw\" \/><\/a>\n<h4 class=\"pt-cv-title\"><a href=\"https:\/\/www.magoria.ch\/dam\/whats-the-question\/\" class=\"_self\" target=\"_self\" >What\u2019s the Question?<\/a><\/h4><\/div><\/div>\n<div class=\"col-md-4 col-sm-6 col-xs-12 pt-cv-content-item pt-cv-1-col\" ><div class='pt-cv-ifield'><a href=\"https:\/\/www.magoria.ch\/dam\/die-enthusiasten\/\" class=\"_self pt-cv-href-thumbnail pt-cv-thumb-default\" target=\"_self\" ><img loading=\"lazy\" decoding=\"async\" width=\"300\" height=\"150\" src=\"http:\/\/www.magoria.ch\/pictures\/Enthusiasten.jpeg\" class=\"pt-cv-thumbnail\" alt=\"\" sizes=\"auto, 100vw\" \/><\/a>\n<h4 class=\"pt-cv-title\"><a href=\"https:\/\/www.magoria.ch\/dam\/die-enthusiasten\/\" class=\"_self\" target=\"_self\" >Wilde Jagd nach einem verlorenen Manuskript<\/a><\/h4><\/div><\/div>\n<div class=\"col-md-4 col-sm-6 col-xs-12 pt-cv-content-item pt-cv-1-col\" ><div class='pt-cv-ifield'><a href=\"https:\/\/www.magoria.ch\/dam\/jenseits-von-afrika\/\" class=\"_self pt-cv-href-thumbnail pt-cv-thumb-default\" target=\"_self\" ><img loading=\"lazy\" decoding=\"async\" width=\"300\" height=\"124\" src=\"http:\/\/www.magoria.ch\/pictures\/The-Dreamer-arte.png\" class=\"pt-cv-thumbnail\" alt=\"\" sizes=\"auto, 100vw\" \/><\/a>\n<h4 class=\"pt-cv-title\"><a href=\"https:\/\/www.magoria.ch\/dam\/jenseits-von-afrika\/\" class=\"_self\" target=\"_self\" >Jenseits von Afrika<\/a><\/h4><\/div><\/div>\n<div class=\"col-md-4 col-sm-6 col-xs-12 pt-cv-content-item pt-cv-1-col\" ><div class='pt-cv-ifield'><a href=\"https:\/\/www.magoria.ch\/dam\/pluri-plural\/\" class=\"_self pt-cv-href-thumbnail pt-cv-thumb-default\" target=\"_self\" ><img loading=\"lazy\" decoding=\"async\" width=\"300\" height=\"99\" src=\"http:\/\/www.magoria.ch\/pictures\/Lexikas.png\" class=\"pt-cv-thumbnail\" alt=\"\" sizes=\"auto, 100vw\" \/><\/a>\n<h4 class=\"pt-cv-title\"><a href=\"https:\/\/www.magoria.ch\/dam\/pluri-plural\/\" class=\"_self\" target=\"_self\" >Der Pluri-Plural<\/a><\/h4><\/div><\/div>\n<div class=\"col-md-4 col-sm-6 col-xs-12 pt-cv-content-item pt-cv-1-col\" ><div class='pt-cv-ifield'><a href=\"https:\/\/www.magoria.ch\/dam\/jane-austens-briefe\/\" class=\"_self pt-cv-href-thumbnail pt-cv-thumb-default\" target=\"_self\" ><img loading=\"lazy\" decoding=\"async\" width=\"143\" height=\"200\" src=\"https:\/\/www.magoria.ch\/pictures\/austen_Liebeste-Freundin_web.png\" class=\"pt-cv-thumbnail\" alt=\"\" sizes=\"auto, 100vw\" \/><\/a>\n<h4 class=\"pt-cv-title\"><a href=\"https:\/\/www.magoria.ch\/dam\/jane-austens-briefe\/\" class=\"_self\" target=\"_self\" >Jane Austens Briefe<\/a><\/h4><\/div><\/div>\n<div class=\"col-md-4 col-sm-6 col-xs-12 pt-cv-content-item pt-cv-1-col\" ><div class='pt-cv-ifield'><a href=\"https:\/\/www.magoria.ch\/dam\/valentine-zwei-seiten-eines-augenblicks\/\" class=\"_self pt-cv-href-thumbnail pt-cv-thumb-default\" target=\"_self\" ><img loading=\"lazy\" decoding=\"async\" width=\"130\" height=\"200\" src=\"http:\/\/www.magoria.ch\/pictures\/valentine_Zwei-Seiteneines-Augenblicks_cover_web.png\" class=\"pt-cv-thumbnail\" alt=\"\" sizes=\"auto, 100vw\" \/><\/a>\n<h4 class=\"pt-cv-title\"><a href=\"https:\/\/www.magoria.ch\/dam\/valentine-zwei-seiten-eines-augenblicks\/\" class=\"_self\" target=\"_self\" >Jenny Valentine: Zwei Seiten eines Augenblicks<\/a><\/h4><\/div><\/div>\n<div class=\"col-md-4 col-sm-6 col-xs-12 pt-cv-content-item pt-cv-1-col\" ><div class='pt-cv-ifield'><a href=\"https:\/\/www.magoria.ch\/dam\/frankenstein\/\" class=\"_self pt-cv-href-thumbnail pt-cv-thumb-default\" target=\"_self\" ><img loading=\"lazy\" decoding=\"async\" width=\"300\" height=\"167\" src=\"http:\/\/www.magoria.ch\/pictures\/del-toro_Frankenstein-Netflix.png\" class=\"pt-cv-thumbnail\" alt=\"\" sizes=\"auto, 100vw\" \/><\/a>\n<h4 class=\"pt-cv-title\"><a href=\"https:\/\/www.magoria.ch\/dam\/frankenstein\/\" class=\"_self\" target=\"_self\" >Frankenstein \u2013 \u00abIch bin das Kind eines Leichenhauses\u00bb<\/a><\/h4><\/div><\/div>\n<div class=\"col-md-4 col-sm-6 col-xs-12 pt-cv-content-item pt-cv-1-col\" ><div class='pt-cv-ifield'><a href=\"https:\/\/www.magoria.ch\/dam\/jane-austens-schreibmaschine\/\" class=\"_self pt-cv-href-thumbnail pt-cv-thumb-default\" target=\"_self\" ><img loading=\"lazy\" decoding=\"async\" width=\"300\" height=\"215\" src=\"http:\/\/www.magoria.ch\/pictures\/Jane-Austens-Schreibmaschine_web.png\" class=\"pt-cv-thumbnail\" alt=\"\" sizes=\"auto, 100vw\" \/><\/a>\n<h4 class=\"pt-cv-title\"><a href=\"https:\/\/www.magoria.ch\/dam\/jane-austens-schreibmaschine\/\" class=\"_self\" target=\"_self\" >Jane Austens Schreibmaschine<\/a><\/h4><\/div><\/div>\n<div class=\"col-md-4 col-sm-6 col-xs-12 pt-cv-content-item pt-cv-1-col\" ><div class='pt-cv-ifield'><a href=\"https:\/\/www.magoria.ch\/dam\/um-die-ecke-erzaehlen\/\" class=\"_self pt-cv-href-thumbnail pt-cv-thumb-default\" target=\"_self\" ><img loading=\"lazy\" decoding=\"async\" width=\"300\" height=\"300\" src=\"https:\/\/www.magoria.ch\/pictures\/Elmiger_Loot_2025-10-1_web.png\" class=\"pt-cv-thumbnail\" alt=\"\" sizes=\"auto, 100vw\" \/><\/a>\n<h4 class=\"pt-cv-title\"><a href=\"https:\/\/www.magoria.ch\/dam\/um-die-ecke-erzaehlen\/\" class=\"_self\" target=\"_self\" >Um die Ecke erz\u00e4hlen<\/a><\/h4><\/div><\/div>\n<div class=\"col-md-4 col-sm-6 col-xs-12 pt-cv-content-item pt-cv-1-col\" ><div class='pt-cv-ifield'><a href=\"https:\/\/www.magoria.ch\/dam\/charles-dickens-und-sein-letztes-raetsel\/\" class=\"_self pt-cv-href-thumbnail pt-cv-thumb-default\" target=\"_self\" ><img loading=\"lazy\" decoding=\"async\" width=\"129\" height=\"200\" src=\"http:\/\/www.magoria.ch\/pictures\/dickens_The-Mystery-of-Edwin-Drood_cover.png\" class=\"pt-cv-thumbnail\" alt=\"\" sizes=\"auto, 100vw\" \/><\/a>\n<h4 class=\"pt-cv-title\"><a href=\"https:\/\/www.magoria.ch\/dam\/charles-dickens-und-sein-letztes-raetsel\/\" class=\"_self\" target=\"_self\" >Charles Dickens und sein letztes R\u00e4tsel<\/a><\/h4><\/div><\/div>\n<div class=\"col-md-4 col-sm-6 col-xs-12 pt-cv-content-item pt-cv-1-col\" ><div class='pt-cv-ifield'><a href=\"https:\/\/www.magoria.ch\/dam\/stiller\/\" class=\"_self pt-cv-href-thumbnail pt-cv-thumb-default\" target=\"_self\" ><img loading=\"lazy\" decoding=\"async\" width=\"300\" height=\"151\" src=\"http:\/\/www.magoria.ch\/pictures\/Ich-bin-nicht-Stiller_Filmzitat_web.png\" class=\"pt-cv-thumbnail\" alt=\"\" sizes=\"auto, 100vw\" \/><\/a>\n<h4 class=\"pt-cv-title\"><a href=\"https:\/\/www.magoria.ch\/dam\/stiller\/\" class=\"_self\" target=\"_self\" >Mein Name ist White<\/a><\/h4><\/div><\/div>\n<div class=\"col-md-4 col-sm-6 col-xs-12 pt-cv-content-item pt-cv-1-col\" ><div class='pt-cv-ifield'><a href=\"https:\/\/www.magoria.ch\/dam\/smith-an-forster\/\" class=\"_self pt-cv-href-thumbnail pt-cv-thumb-default\" target=\"_self\" ><img loading=\"lazy\" decoding=\"async\" width=\"300\" height=\"225\" src=\"http:\/\/www.magoria.ch\/pictures\/Forster_Smith_web.png\" class=\"pt-cv-thumbnail\" alt=\"\" sizes=\"auto, 100vw\" \/><\/a>\n<h4 class=\"pt-cv-title\"><a href=\"https:\/\/www.magoria.ch\/dam\/smith-an-forster\/\" class=\"_self\" target=\"_self\" >Zadie Smiths E-Mail an E. M. Forster<\/a><\/h4><\/div><\/div>\n<div class=\"col-md-4 col-sm-6 col-xs-12 pt-cv-content-item pt-cv-1-col\" ><div class='pt-cv-ifield'><a href=\"https:\/\/www.magoria.ch\/dam\/milkman\/\" class=\"_self pt-cv-href-thumbnail pt-cv-thumb-default\" target=\"_self\" ><img loading=\"lazy\" decoding=\"async\" width=\"133\" height=\"200\" src=\"http:\/\/www.magoria.ch\/pictures\/burns_Milchmann_cover.png\" class=\"pt-cv-thumbnail\" alt=\"\" sizes=\"auto, 100vw\" \/><\/a>\n<h4 class=\"pt-cv-title\"><a href=\"https:\/\/www.magoria.ch\/dam\/milkman\/\" class=\"_self\" target=\"_self\" >Der Tag, an dem der Milchmann starb<\/a><\/h4><\/div><\/div>\n<div class=\"col-md-4 col-sm-6 col-xs-12 pt-cv-content-item pt-cv-1-col\" ><div class='pt-cv-ifield'><a href=\"https:\/\/www.magoria.ch\/dam\/nachteule\/\" class=\"_self pt-cv-href-thumbnail pt-cv-thumb-default\" target=\"_self\" ><img loading=\"lazy\" decoding=\"async\" width=\"132\" height=\"200\" src=\"http:\/\/www.magoria.ch\/pictures\/Sloan_Wolitzer_Nightowl_cover_web.jpg\" class=\"pt-cv-thumbnail\" alt=\"\" sizes=\"auto, 100vw\" \/><\/a>\n<h4 class=\"pt-cv-title\"><a href=\"https:\/\/www.magoria.ch\/dam\/nachteule\/\" class=\"_self\" target=\"_self\" >Ich schreibe dir trotzdem<\/a><\/h4><\/div><\/div>\n<div class=\"col-md-4 col-sm-6 col-xs-12 pt-cv-content-item pt-cv-1-col\" ><div class='pt-cv-ifield'><a href=\"https:\/\/www.magoria.ch\/dam\/jane-austens-lost-letters\/\" class=\"_self pt-cv-href-thumbnail pt-cv-thumb-default\" target=\"_self\" ><img loading=\"lazy\" decoding=\"async\" width=\"300\" height=\"169\" src=\"http:\/\/www.magoria.ch\/pictures\/Miss-Jane-Austen-schreibt.png\" class=\"pt-cv-thumbnail\" alt=\"\" sizes=\"auto, 100vw\" \/><\/a>\n<h4 class=\"pt-cv-title\"><a href=\"https:\/\/www.magoria.ch\/dam\/jane-austens-lost-letters\/\" class=\"_self\" target=\"_self\" >Jane Austen\u2019s Lost Letters<\/a><\/h4><\/div><\/div>\n<div class=\"col-md-4 col-sm-6 col-xs-12 pt-cv-content-item pt-cv-1-col\" ><div class='pt-cv-ifield'><a href=\"https:\/\/www.magoria.ch\/dam\/den-zitaten-auf-der-spur\/\" class=\"_self pt-cv-href-thumbnail pt-cv-thumb-default\" target=\"_self\" ><img loading=\"lazy\" decoding=\"async\" width=\"300\" height=\"155\" src=\"http:\/\/www.magoria.ch\/pictures\/Christie_Geschirrspuelen_web.png\" class=\"pt-cv-thumbnail\" alt=\"\" sizes=\"auto, 100vw\" \/><\/a>\n<h4 class=\"pt-cv-title\"><a href=\"https:\/\/www.magoria.ch\/dam\/den-zitaten-auf-der-spur\/\" class=\"_self\" target=\"_self\" >Den Zitaten auf der Spur<\/a><\/h4><\/div><\/div>\n<div class=\"col-md-4 col-sm-6 col-xs-12 pt-cv-content-item pt-cv-1-col\" ><div class='pt-cv-ifield'><a href=\"https:\/\/www.magoria.ch\/dam\/bartleby\/\" class=\"_self pt-cv-href-thumbnail pt-cv-thumb-default\" target=\"_self\" ><img loading=\"lazy\" decoding=\"async\" width=\"125\" height=\"200\" src=\"http:\/\/www.magoria.ch\/pictures\/melville_Bartleby_web.png\" class=\"pt-cv-thumbnail\" alt=\"\" sizes=\"auto, 100vw\" \/><\/a>\n<h4 class=\"pt-cv-title\"><a href=\"https:\/\/www.magoria.ch\/dam\/bartleby\/\" class=\"_self\" target=\"_self\" >Bartleby mag einfach nicht<\/a><\/h4><\/div><\/div>\n<div class=\"col-md-4 col-sm-6 col-xs-12 pt-cv-content-item pt-cv-1-col\" ><div class='pt-cv-ifield'><a href=\"https:\/\/www.magoria.ch\/dam\/moby-dick\/\" class=\"_self pt-cv-href-thumbnail pt-cv-thumb-default\" target=\"_self\" ><img loading=\"lazy\" decoding=\"async\" width=\"300\" height=\"225\" src=\"https:\/\/www.magoria.ch\/pictures\/Moby-Dick_web.png\" class=\"pt-cv-thumbnail\" alt=\"\" sizes=\"auto, 100vw\" \/><\/a>\n<h4 class=\"pt-cv-title\"><a href=\"https:\/\/www.magoria.ch\/dam\/moby-dick\/\" class=\"_self\" target=\"_self\" >Moby-Dick<\/a><\/h4><\/div><\/div>\n<div class=\"col-md-4 col-sm-6 col-xs-12 pt-cv-content-item pt-cv-1-col\" ><div class='pt-cv-ifield'><a href=\"https:\/\/www.magoria.ch\/dam\/mcewan-zieht-dickens-vor-gericht\/\" class=\"_self pt-cv-href-thumbnail pt-cv-thumb-default\" target=\"_self\" ><img loading=\"lazy\" decoding=\"async\" width=\"300\" height=\"225\" src=\"http:\/\/www.magoria.ch\/pictures\/McEwan-meets-Dickens_web.png\" class=\"pt-cv-thumbnail\" alt=\"\" sizes=\"auto, 100vw\" \/><\/a>\n<h4 class=\"pt-cv-title\"><a href=\"https:\/\/www.magoria.ch\/dam\/mcewan-zieht-dickens-vor-gericht\/\" class=\"_self\" target=\"_self\" >McEwan zieht Dickens vor Gericht<\/a><\/h4><\/div><\/div>\n<div class=\"col-md-4 col-sm-6 col-xs-12 pt-cv-content-item pt-cv-1-col\" ><div class='pt-cv-ifield'><a href=\"https:\/\/www.magoria.ch\/dam\/der-uebergrosse-gatsby\/\" class=\"_self pt-cv-href-thumbnail pt-cv-thumb-default\" target=\"_self\" ><img loading=\"lazy\" decoding=\"async\" width=\"300\" height=\"225\" src=\"http:\/\/www.magoria.ch\/pictures\/Fitzgerald_Gatsby_web.png\" class=\"pt-cv-thumbnail\" alt=\"\" sizes=\"auto, 100vw\" \/><\/a>\n<h4 class=\"pt-cv-title\"><a href=\"https:\/\/www.magoria.ch\/dam\/der-uebergrosse-gatsby\/\" class=\"_self\" target=\"_self\" >Der \u00fcbergrosse Gatsby<\/a><\/h4><\/div><\/div>\n<div class=\"col-md-4 col-sm-6 col-xs-12 pt-cv-content-item pt-cv-1-col\" ><div class='pt-cv-ifield'><a href=\"https:\/\/www.magoria.ch\/dam\/ermutigung-zum-schreiben\/\" class=\"_self pt-cv-href-thumbnail pt-cv-thumb-default\" target=\"_self\" ><img loading=\"lazy\" decoding=\"async\" width=\"122\" height=\"200\" src=\"http:\/\/www.magoria.ch\/pictures\/moser_Schreiben_web.png\" class=\"pt-cv-thumbnail\" alt=\"\" sizes=\"auto, 100vw\" \/><\/a>\n<h4 class=\"pt-cv-title\"><a href=\"https:\/\/www.magoria.ch\/dam\/ermutigung-zum-schreiben\/\" class=\"_self\" target=\"_self\" >Ermutigung zum Schreiben<\/a><\/h4><\/div><\/div><\/div><\/div><\/div>\n","protected":false},"excerpt":{"rendered":"","protected":false},"author":2,"featured_media":0,"parent":0,"menu_order":0,"comment_status":"closed","ping_status":"closed","template":"","meta":{"footnotes":""},"class_list":["post-1895","page","type-page","status-publish","hentry"],"_links":{"self":[{"href":"https:\/\/www.magoria.ch\/dam\/wp-json\/wp\/v2\/pages\/1895","targetHints":{"allow":["GET"]}}],"collection":[{"href":"https:\/\/www.magoria.ch\/dam\/wp-json\/wp\/v2\/pages"}],"about":[{"href":"https:\/\/www.magoria.ch\/dam\/wp-json\/wp\/v2\/types\/page"}],"author":[{"embeddable":true,"href":"https:\/\/www.magoria.ch\/dam\/wp-json\/wp\/v2\/users\/2"}],"replies":[{"embeddable":true,"href":"https:\/\/www.magoria.ch\/dam\/wp-json\/wp\/v2\/comments?post=1895"}],"version-history":[{"count":3,"href":"https:\/\/www.magoria.ch\/dam\/wp-json\/wp\/v2\/pages\/1895\/revisions"}],"predecessor-version":[{"id":2172,"href":"https:\/\/www.magoria.ch\/dam\/wp-json\/wp\/v2\/pages\/1895\/revisions\/2172"}],"wp:attachment":[{"href":"https:\/\/www.magoria.ch\/dam\/wp-json\/wp\/v2\/media?parent=1895"}],"curies":[{"name":"wp","href":"https:\/\/api.w.org\/{rel}","templated":true}]}}