{"id":5426,"date":"2025-06-04T14:17:36","date_gmt":"2025-06-04T14:17:36","guid":{"rendered":"https:\/\/www.magoria.ch\/dam\/?page_id=5426"},"modified":"2026-04-12T14:37:56","modified_gmt":"2026-04-12T14:37:56","slug":"zwillingsanfaenge","status":"publish","type":"page","link":"https:\/\/www.magoria.ch\/dam\/erste-saetze\/zwillingsanfaenge\/","title":{"rendered":"Zwillingsanf\u00e4nge"},"content":{"rendered":"\n<p>Sp\u00e4testens seit Umberto Eco wissen wir, dass B\u00fccher miteinander sprechen, auch wenn sie zur \u00dcbermittlung menschliche Leserinnen und Leser brauchen. In der Reihe \u00abZwillings\u00adanf\u00e4nge\u00bb m\u00f6chte ich einige Beispiele intertextueller Anf\u00e4nge zeigen. Wie sagt William von Baskerville so sch\u00f6n? \u00abMir scheint, als ob ich einige dieser Worte schon irgendwo gelesen h\u00e4tte, sie erinnern mich an \u00e4hnliche, die ich fr\u00fcher geh\u00f6rt habe.\u00bb <\/p>\n\n\n\n<h2 class=\"wp-block-heading\">Episode 1: Benedict Wells meets Charles Simmons.<\/h2>\n\n\n\n<figure class=\"wp-block-image size-large is-resized\"><img decoding=\"async\" src=\"http:\/\/www.magoria.ch\/pictures\/Simmons-Wells.png\" alt=\"\" style=\"width:590px;height:auto\"\/><\/figure>\n\n\n\n<h2 class=\"wp-block-heading\">Episode 2: Franz Kafka und Ian McEwan<\/h2>\n\n\n\n<figure class=\"wp-block-embed is-type-wp-embed is-provider-magoria wp-block-embed-magoria\"><div class=\"wp-block-embed__wrapper\">\n<blockquote class=\"wp-embedded-content\" data-secret=\"fRbaB6Xjw9\"><a href=\"https:\/\/www.magoria.ch\/dam\/literarische-volte\/\">Literarische Volte<\/a><\/blockquote><iframe loading=\"lazy\" class=\"wp-embedded-content\" sandbox=\"allow-scripts\" security=\"restricted\" style=\"position: absolute; visibility: hidden;\" title=\"&#8222;Literarische Volte&#8220; &#8211; Magoria\" src=\"https:\/\/www.magoria.ch\/dam\/literarische-volte\/embed\/#?secret=DPqlmeWSNe#?secret=fRbaB6Xjw9\" data-secret=\"fRbaB6Xjw9\" width=\"525\" height=\"296\" frameborder=\"0\" marginwidth=\"0\" marginheight=\"0\" scrolling=\"no\"><\/iframe>\n<\/div><\/figure>\n\n\n\n<h2 class=\"wp-block-heading\">Episode 3: Charles Dickens und Ian McEwan<\/h2>\n\n\n\n<figure class=\"wp-block-embed is-type-wp-embed is-provider-magoria wp-block-embed-magoria\"><div class=\"wp-block-embed__wrapper\">\n<blockquote class=\"wp-embedded-content\" data-secret=\"eecrTTbKlN\"><a href=\"https:\/\/www.magoria.ch\/dam\/mcewan-zieht-dickens-vor-gericht\/\">McEwan zieht Dickens vor Gericht<\/a><\/blockquote><iframe loading=\"lazy\" class=\"wp-embedded-content\" sandbox=\"allow-scripts\" security=\"restricted\" style=\"position: absolute; visibility: hidden;\" title=\"&#8222;McEwan zieht Dickens vor Gericht&#8220; &#8211; Magoria\" src=\"https:\/\/www.magoria.ch\/dam\/mcewan-zieht-dickens-vor-gericht\/embed\/#?secret=ww1Ow1k3FV#?secret=eecrTTbKlN\" data-secret=\"eecrTTbKlN\" width=\"525\" height=\"296\" frameborder=\"0\" marginwidth=\"0\" marginheight=\"0\" scrolling=\"no\"><\/iframe>\n<\/div><\/figure>\n\n\n\n<h2 class=\"wp-block-heading\">Episode 4: Jane Austen und Janice Hadlow<\/h2>\n\n\n\n<figure class=\"wp-block-embed is-type-wp-embed is-provider-magoria wp-block-embed-magoria\"><div class=\"wp-block-embed__wrapper\">\n<blockquote class=\"wp-embedded-content\" data-secret=\"bRwkHu0d82\"><a href=\"https:\/\/www.magoria.ch\/dam\/jane-austen-und-ihre-schreibenden-fans\/\">Jane Austen und ihre schreibenden Fans<\/a><\/blockquote><iframe loading=\"lazy\" class=\"wp-embedded-content\" sandbox=\"allow-scripts\" security=\"restricted\" style=\"position: absolute; visibility: hidden;\" title=\"&#8222;Jane Austen und ihre schreibenden Fans&#8220; &#8211; Magoria\" src=\"https:\/\/www.magoria.ch\/dam\/jane-austen-und-ihre-schreibenden-fans\/embed\/#?secret=qvYGSIugSt#?secret=bRwkHu0d82\" data-secret=\"bRwkHu0d82\" width=\"525\" height=\"296\" frameborder=\"0\" marginwidth=\"0\" marginheight=\"0\" scrolling=\"no\"><\/iframe>\n<\/div><\/figure>\n\n\n\n<h2 class=\"wp-block-heading\">Episode 5: Jane Austen und Seth Grahame-Smith<\/h2>\n\n\n\n<figure class=\"wp-block-image size-large is-resized\"><img decoding=\"async\" src=\"http:\/\/www.magoria.ch\/pictures\/Austen-Zombies.png\" alt=\"\" style=\"width:593px;height:auto\"\/><\/figure>\n\n\n\n<p class=\"p1\"><strong>Jane-Austen-Mashups: Von Zombies und Vampiren<\/strong><br>Bleiben wir noch einen Augenblick bei den Bennet-Schwestern aus Jane Austens <em>Stolz und Vorurteil<\/em>. Ich kn\u00fcpfe mit einem weiteren Zwillingsanfang an. Bei der Vorbereitung f\u00fcr meinen Schreibkurs zum Thema Imitation habe ich mich nicht nur mit Fortsetzungen, Variationen und Adaptionen, sondern auch mit Mashups besch\u00e4ftigt. Bei dieser popul\u00e4rkulturellen Spielart werden Werke des literarischen Kanons hemmungslos mit genreuntypischen Elementen, Versatzst\u00fccken und intertextuellen Anspielungen verquirlt.<\/p>\n\n\n\n<p class=\"p1\">Seth Grahame-Smiths <em>Stolz und Vorurteil und Zombies<\/em> gilt als prototypisches Beispiel und wurde mit Lily James (als Elizabeth Bennet) und Sam Riley (als Mr. Darcy) bildgewaltig f\u00fcr die Leinwand adaptiert. Die in asiatischen Kampfsportarten und im Umgang mit Waffen geschulten Bennet-Schwestern wissen sich gegen untote Angreifer:innen bestens zur Wehr zu setzen. Derweil sorgt sich die Mutter, ob solches Gebaren nicht auch die Freier in die Flucht schl\u00e4gt.<\/p>\n\n\n\n<h2 class=\"wp-block-heading\">Episode 6: E. M. Forster und Zadie Smith<\/h2>\n\n\n\n<figure class=\"wp-block-embed is-type-wp-embed is-provider-magoria wp-block-embed-magoria\"><div class=\"wp-block-embed__wrapper\">\n<blockquote class=\"wp-embedded-content\" data-secret=\"E5sKkPPS6v\"><a href=\"https:\/\/www.magoria.ch\/dam\/smith-an-forster\/\">Zadie Smiths E-Mail an E. M. Forster<\/a><\/blockquote><iframe loading=\"lazy\" class=\"wp-embedded-content\" sandbox=\"allow-scripts\" security=\"restricted\" style=\"position: absolute; visibility: hidden;\" title=\"&#8222;Zadie Smiths E-Mail an E. M. Forster&#8220; &#8211; Magoria\" src=\"https:\/\/www.magoria.ch\/dam\/smith-an-forster\/embed\/#?secret=5QWDOnJ4Zg#?secret=E5sKkPPS6v\" data-secret=\"E5sKkPPS6v\" width=\"525\" height=\"296\" frameborder=\"0\" marginwidth=\"0\" marginheight=\"0\" scrolling=\"no\"><\/iframe>\n<\/div><\/figure>\n\n\n\n<h2 class=\"wp-block-heading\">Episode 7: J. D. Salinger und Woody Allen<\/h2>\n\n\n\n<figure class=\"wp-block-image size-large\"><img decoding=\"async\" src=\"http:\/\/www.magoria.ch\/pictures\/Salinger_Allen_web.png\" alt=\"\"\/><\/figure>\n\n\n\n<p>In Episode 7 meiner Zwillingsanf\u00e4nge geht es f\u00fcr einmal um eine andere Form der Intertextualit\u00e4t. Anstelle einer thematischen Anspielung oder einer stilistischen Imitation kann man, wie Woody Allen dies in seiner Autobiografie tut, auch direkt auf ein literarisches Vorbild verweisen, sei es als Hommage oder um sich selbst in den literaturhistorischen Kanon einzureihen bzw. davon abzugrenzen. J. D. Salinger seinerseits tut das 1951 in <em>The Catcher in the Rye<\/em> ebenfalls schon, indem er seinen jugendlichen Ich-Erz\u00e4hler Holden Caulfield gleich zu Beginn auf Charles Dickens\u2019 Meisterwerk <em>The Personal History of David Copperfield<\/em> von 1850 anspielen l\u00e4sst.<\/p>\n\n\n\n<h2 class=\"wp-block-heading\">Episode 8: Melville taucht auf<\/h2>\n\n\n\n<figure class=\"wp-block-image size-large\"><img decoding=\"async\" src=\"http:\/\/www.magoria.ch\/pictures\/Melville-Lang_web.png\" alt=\"\"\/><\/figure>\n\n\n\n<p>Melvilles ber\u00fchmten <a href=\"https:\/\/www.magoria.ch\/dam\/moby-dick\/\">ersten Satz aus <em>Moby Dick<\/em><\/a><em> <\/em>hatten wir schon. Hier taucht er aus den Tiefen der Textmeere noch einmal auf, zusammen mit dem Zwillingsanfang aus <a href=\"https:\/\/www.piper.de\/buecher\/melville-verschwindet-isbn-978-3-8270-1454-2\" target=\"_blank\" rel=\"noreferrer noopener\">Thomas Langs Roman <em>Melville verschwindet<\/em><\/a>, der dato erscheint.<br>Der Ich-Erz\u00e4hler Meander ist besessen von Herman Melville. Als er das elterliche Haus r\u00e4umt, f\u00e4llt ihm auch sein unbeendeter Roman \u00fcber den Sch\u00f6pfer des Monsterromans <em>Moby-Dick<\/em> in die H\u00e4nde, und so m\u00e4andert und schlingert der Text zwischen Gegenwart und Vergangenheit. \u00abIn den Erinnerungen ruhen Gef\u00fchle, schockgefroren, frisch und klar wie am ersten Tag. Mit Lichtgeschwindigkeit tauen sie auf.\u00bb<\/p>\n\n\n\n<h2 class=\"wp-block-heading\">Episode 9: Erinnerungen an die Kindheit<\/h2>\n\n\n\n<figure class=\"wp-block-image size-large\"><img decoding=\"async\" src=\"http:\/\/www.magoria.ch\/pictures\/Kindheitserinnerung.png\" alt=\"\"\/><\/figure>\n\n\n\n<h2 class=\"wp-block-heading\">Episode 10: Familienchroniken<\/h2>\n\n\n\n<figure class=\"wp-block-embed is-type-wp-embed is-provider-magoria wp-block-embed-magoria\"><div class=\"wp-block-embed__wrapper\">\n<blockquote class=\"wp-embedded-content\" data-secret=\"zCjRiGbX8U\"><a href=\"https:\/\/www.magoria.ch\/dam\/tolstoi-und-nabokov-ueber-familien\/\">Tolstoi und Nabokov \u00fcber Gl\u00fcck und Ungl\u00fcck<\/a><\/blockquote><iframe loading=\"lazy\" class=\"wp-embedded-content\" sandbox=\"allow-scripts\" security=\"restricted\" style=\"position: absolute; visibility: hidden;\" title=\"&#8222;Tolstoi und Nabokov \u00fcber Gl\u00fcck und Ungl\u00fcck&#8220; &#8211; Magoria\" src=\"https:\/\/www.magoria.ch\/dam\/tolstoi-und-nabokov-ueber-familien\/embed\/#?secret=3ch4izGSAg#?secret=zCjRiGbX8U\" data-secret=\"zCjRiGbX8U\" width=\"525\" height=\"296\" frameborder=\"0\" marginwidth=\"0\" marginheight=\"0\" scrolling=\"no\"><\/iframe>\n<\/div><\/figure>\n\n\n\n<p><\/p>\n\n\n\n<p><\/p>\n\n\n","protected":false},"excerpt":{"rendered":"<p>Seit Umberto Eco wissen wir, dass B\u00fccher miteinander sprechen, auch wenn sie zur \u00dcbermittlung menschliche Leserinnen und Leser brauchen. In der Reihe \u00abZwillings\u00adanf\u00e4nge\u00bb m\u00f6chte ich einige Beispiele intertextueller Anf\u00e4nge zeigen. <\/p>\n","protected":false},"author":2,"featured_media":0,"parent":3866,"menu_order":0,"comment_status":"closed","ping_status":"closed","template":"","meta":{"footnotes":""},"class_list":["post-5426","page","type-page","status-publish","hentry"],"_links":{"self":[{"href":"https:\/\/www.magoria.ch\/dam\/wp-json\/wp\/v2\/pages\/5426","targetHints":{"allow":["GET"]}}],"collection":[{"href":"https:\/\/www.magoria.ch\/dam\/wp-json\/wp\/v2\/pages"}],"about":[{"href":"https:\/\/www.magoria.ch\/dam\/wp-json\/wp\/v2\/types\/page"}],"author":[{"embeddable":true,"href":"https:\/\/www.magoria.ch\/dam\/wp-json\/wp\/v2\/users\/2"}],"replies":[{"embeddable":true,"href":"https:\/\/www.magoria.ch\/dam\/wp-json\/wp\/v2\/comments?post=5426"}],"version-history":[{"count":32,"href":"https:\/\/www.magoria.ch\/dam\/wp-json\/wp\/v2\/pages\/5426\/revisions"}],"predecessor-version":[{"id":6643,"href":"https:\/\/www.magoria.ch\/dam\/wp-json\/wp\/v2\/pages\/5426\/revisions\/6643"}],"up":[{"embeddable":true,"href":"https:\/\/www.magoria.ch\/dam\/wp-json\/wp\/v2\/pages\/3866"}],"wp:attachment":[{"href":"https:\/\/www.magoria.ch\/dam\/wp-json\/wp\/v2\/media?parent=5426"}],"curies":[{"name":"wp","href":"https:\/\/api.w.org\/{rel}","templated":true}]}}